{"id":18907,"date":"2022-10-04T16:28:18","date_gmt":"2022-10-04T10:58:18","guid":{"rendered":"https:\/\/www.craftsilicon.net\/clause-de-non-responsabilite\/"},"modified":"2022-10-18T13:45:21","modified_gmt":"2022-10-18T08:15:21","slug":"clause-de-non-responsabilite","status":"publish","type":"page","link":"https:\/\/www.craftsilicon.net\/fr\/clause-de-non-responsabilite\/","title":{"rendered":"CLAUSE DE NON-RESPONSABILITE"},"content":{"rendered":"\t\t<div data-elementor-type=\"wp-page\" data-elementor-id=\"18907\" class=\"elementor elementor-18907 elementor-5222\" data-elementor-post-type=\"page\">\n\t\t\t\t\t\t<section class=\"ob-is-breaking-bad elementor-section elementor-top-section elementor-element elementor-element-87e8ba8 elementor-section-height-min-height elementor-section-boxed elementor-section-height-default elementor-section-items-middle\" data-dce-background-image-url=\"https:\/\/www.craftsilicon.net\/wp-content\/uploads\/2020\/07\/21-1.png\" data-id=\"87e8ba8\" data-element_type=\"section\" data-settings=\"{&quot;jet_parallax_layout_list&quot;:[{&quot;jet_parallax_layout_image&quot;:{&quot;url&quot;:&quot;&quot;,&quot;id&quot;:&quot;&quot;,&quot;size&quot;:&quot;&quot;},&quot;_id&quot;:&quot;83f63c2&quot;,&quot;jet_parallax_layout_image_tablet&quot;:{&quot;url&quot;:&quot;&quot;,&quot;id&quot;:&quot;&quot;,&quot;size&quot;:&quot;&quot;},&quot;jet_parallax_layout_image_mobile&quot;:{&quot;url&quot;:&quot;&quot;,&quot;id&quot;:&quot;&quot;,&quot;size&quot;:&quot;&quot;},&quot;jet_parallax_layout_speed&quot;:{&quot;unit&quot;:&quot;%&quot;,&quot;size&quot;:50,&quot;sizes&quot;:[]},&quot;jet_parallax_layout_type&quot;:&quot;scroll&quot;,&quot;jet_parallax_layout_direction&quot;:&quot;1&quot;,&quot;jet_parallax_layout_fx_direction&quot;:null,&quot;jet_parallax_layout_z_index&quot;:&quot;&quot;,&quot;jet_parallax_layout_bg_x&quot;:50,&quot;jet_parallax_layout_bg_x_tablet&quot;:&quot;&quot;,&quot;jet_parallax_layout_bg_x_mobile&quot;:&quot;&quot;,&quot;jet_parallax_layout_bg_y&quot;:50,&quot;jet_parallax_layout_bg_y_tablet&quot;:&quot;&quot;,&quot;jet_parallax_layout_bg_y_mobile&quot;:&quot;&quot;,&quot;jet_parallax_layout_bg_size&quot;:&quot;auto&quot;,&quot;jet_parallax_layout_bg_size_tablet&quot;:&quot;&quot;,&quot;jet_parallax_layout_bg_size_mobile&quot;:&quot;&quot;,&quot;jet_parallax_layout_animation_prop&quot;:&quot;transform&quot;,&quot;jet_parallax_layout_on&quot;:[&quot;desktop&quot;,&quot;tablet&quot;]}],&quot;background_background&quot;:&quot;classic&quot;,&quot;_ob_bbad_use_it&quot;:&quot;yes&quot;,&quot;_ob_bbad_sssic_use&quot;:&quot;no&quot;,&quot;_ob_glider_is_slider&quot;:&quot;no&quot;}\">\n\t\t\t\t\t\t<div class=\"elementor-container elementor-column-gap-default\">\n\t\t\t\t\t<div class=\"elementor-column elementor-col-100 elementor-top-column elementor-element elementor-element-5040d79\" data-id=\"5040d79\" data-element_type=\"column\" data-settings=\"{&quot;_ob_bbad_is_stalker&quot;:&quot;no&quot;,&quot;_ob_teleporter_use&quot;:false,&quot;_ob_column_hoveranimator&quot;:&quot;no&quot;,&quot;_ob_column_has_pseudo&quot;:&quot;no&quot;}\">\n\t\t\t<div class=\"elementor-widget-wrap elementor-element-populated\">\n\t\t\t\t\t\t<div class=\"elementor-element elementor-element-85b1d58 ob-harakiri-inherit ob-has-background-overlay elementor-widget elementor-widget-heading\" data-id=\"85b1d58\" data-element_type=\"widget\" data-settings=\"{&quot;_ob_use_harakiri&quot;:&quot;yes&quot;,&quot;_ob_harakiri_writing_mode&quot;:&quot;inherit&quot;,&quot;_ob_harakiri_text_clip&quot;:&quot;none&quot;,&quot;_ob_perspektive_use&quot;:&quot;no&quot;,&quot;_ob_poopart_use&quot;:&quot;yes&quot;,&quot;_ob_shadough_use&quot;:&quot;no&quot;,&quot;_ob_allow_hoveranimator&quot;:&quot;no&quot;,&quot;_ob_widget_stalker_use&quot;:&quot;no&quot;}\" data-widget_type=\"heading.default\">\n\t\t\t\t<div class=\"elementor-widget-container\">\n\t\t\t\t\t<h3 class=\"elementor-heading-title elementor-size-default\">CLAUSE DE NON-RESPONSABILITE<\/h3>\t\t\t\t<\/div>\n\t\t\t\t<\/div>\n\t\t\t\t\t<\/div>\n\t\t<\/div>\n\t\t\t\t\t<\/div>\n\t\t<\/section>\n\t\t\t\t<section class=\"ob-is-breaking-bad elementor-section elementor-top-section elementor-element elementor-element-74b654a elementor-section-boxed elementor-section-height-default elementor-section-height-default\" data-id=\"74b654a\" data-element_type=\"section\" data-settings=\"{&quot;jet_parallax_layout_list&quot;:[{&quot;jet_parallax_layout_image&quot;:{&quot;url&quot;:&quot;&quot;,&quot;id&quot;:&quot;&quot;,&quot;size&quot;:&quot;&quot;},&quot;_id&quot;:&quot;52332b8&quot;,&quot;jet_parallax_layout_image_tablet&quot;:{&quot;url&quot;:&quot;&quot;,&quot;id&quot;:&quot;&quot;,&quot;size&quot;:&quot;&quot;},&quot;jet_parallax_layout_image_mobile&quot;:{&quot;url&quot;:&quot;&quot;,&quot;id&quot;:&quot;&quot;,&quot;size&quot;:&quot;&quot;},&quot;jet_parallax_layout_speed&quot;:{&quot;unit&quot;:&quot;%&quot;,&quot;size&quot;:50,&quot;sizes&quot;:[]},&quot;jet_parallax_layout_type&quot;:&quot;scroll&quot;,&quot;jet_parallax_layout_direction&quot;:&quot;1&quot;,&quot;jet_parallax_layout_fx_direction&quot;:null,&quot;jet_parallax_layout_z_index&quot;:&quot;&quot;,&quot;jet_parallax_layout_bg_x&quot;:50,&quot;jet_parallax_layout_bg_x_tablet&quot;:&quot;&quot;,&quot;jet_parallax_layout_bg_x_mobile&quot;:&quot;&quot;,&quot;jet_parallax_layout_bg_y&quot;:50,&quot;jet_parallax_layout_bg_y_tablet&quot;:&quot;&quot;,&quot;jet_parallax_layout_bg_y_mobile&quot;:&quot;&quot;,&quot;jet_parallax_layout_bg_size&quot;:&quot;auto&quot;,&quot;jet_parallax_layout_bg_size_tablet&quot;:&quot;&quot;,&quot;jet_parallax_layout_bg_size_mobile&quot;:&quot;&quot;,&quot;jet_parallax_layout_animation_prop&quot;:&quot;transform&quot;,&quot;jet_parallax_layout_on&quot;:[&quot;desktop&quot;,&quot;tablet&quot;]}],&quot;_ob_bbad_use_it&quot;:&quot;yes&quot;,&quot;_ob_bbad_sssic_use&quot;:&quot;no&quot;,&quot;_ob_glider_is_slider&quot;:&quot;no&quot;}\">\n\t\t\t\t\t\t<div class=\"elementor-container elementor-column-gap-default\">\n\t\t\t\t\t<div class=\"elementor-column elementor-col-100 elementor-top-column elementor-element elementor-element-888dfc1\" data-id=\"888dfc1\" data-element_type=\"column\" data-settings=\"{&quot;_ob_bbad_is_stalker&quot;:&quot;no&quot;,&quot;_ob_teleporter_use&quot;:false,&quot;_ob_column_hoveranimator&quot;:&quot;no&quot;,&quot;_ob_column_has_pseudo&quot;:&quot;no&quot;}\">\n\t\t\t<div class=\"elementor-widget-wrap elementor-element-populated\">\n\t\t\t\t\t\t<div class=\"elementor-element elementor-element-01fe952 ob-harakiri-inherit ob-has-background-overlay elementor-widget elementor-widget-text-editor\" data-id=\"01fe952\" data-element_type=\"widget\" data-settings=\"{&quot;_ob_use_harakiri&quot;:&quot;yes&quot;,&quot;_ob_harakiri_writing_mode&quot;:&quot;inherit&quot;,&quot;_ob_postman_use&quot;:&quot;no&quot;,&quot;_ob_perspektive_use&quot;:&quot;no&quot;,&quot;_ob_poopart_use&quot;:&quot;yes&quot;,&quot;_ob_shadough_use&quot;:&quot;no&quot;,&quot;_ob_allow_hoveranimator&quot;:&quot;no&quot;,&quot;_ob_widget_stalker_use&quot;:&quot;no&quot;}\" data-widget_type=\"text-editor.default\">\n\t\t\t\t<div class=\"elementor-widget-container\">\n\t\t\t\t\t\t\t\t\t<p>Bien que <strong>CRAFT SILICON LIMITED<\/strong> ait pris toutes les mesures raisonnables pour assurer l&#8217;exactitude, l&#8217;actualit\u00e9, la disponibilit\u00e9, la s\u00e9curit\u00e9, la justesse et l&#8217;exhaustivit\u00e9 des informations contenues sur ce site, les informations sont fournies en l&#8217;\u00e9tat, avec tous les d\u00e9fauts et selon la disponibilit\u00e9. Dans toute mesure permise par la loi applicable, <strong>CRAFT SILICON LIMITED<\/strong> d\u00e9cline toutes les garanties, conditions et termes de toute nature (\u00e0 l&#8217;exception des devoirs de bonne foi), qu&#8217;ils soient explicites ou implicites, y compris, sans s&#8217;y limiter, les garanties ou conditions implicites de qualit\u00e9, d&#8217;ad\u00e9quation \u00e0 un usage particulier, de titre, de jouissance ou de non-violation des droits de propri\u00e9t\u00e9 intellectuelle.<\/p>\n<p><strong>CRAFT SILICON LIMITED<\/strong> ne sera pas responsable des pertes ou dommages indirects ou cons\u00e9cutifs, quelle que soit leur nature, r\u00e9sultant de l&#8217;utilisation ou de la confiance accord\u00e9e \u00e0 ces informations, qu&#8217;elles soient autoris\u00e9es ou non, dans la mesure maximale autoris\u00e9e par la loi applicable, m\u00eame si <strong>CRAFT SILICON LIMITED<\/strong> a \u00e9t\u00e9 inform\u00e9e de la possibilit\u00e9 de ces pertes ou dommages. La responsabilit\u00e9 de <strong>CRAFT SILICON LIMITED<\/strong> en cas de perte ou de dommage direct, quelle qu&#8217;en soit la cause, r\u00e9sultant de l&#8217;utilisation ou de la confiance accord\u00e9e \u00e0 ces informations, qu&#8217;elles soient autoris\u00e9es ou non, sera limit\u00e9e \u00e0 la correction ou au remplacement des informations par <strong>CRAFT SILICON LIMITED<\/strong>.<\/p>\n<p>Si vous t\u00e9l\u00e9chargez du mat\u00e9riel \u00e0 partir de ce site, vous le faites \u00e0 votre propre discr\u00e9tion et \u00e0 vos risques. Vous serez seul responsable de toute perte de donn\u00e9es ou de tout dommage \u00e0 votre syst\u00e8me informatique r\u00e9sultant d&#8217;un tel t\u00e9l\u00e9chargement.<\/p>\n<p>Certaines juridictions n&#8217;autorisent ni l&#8217;exclusion de certaines garanties, ni la limitation ni l&#8217;exclusion de la responsabilit\u00e9 en cas de d\u00e9c\u00e8s ou de dommages corporels ; par cons\u00e9quent, certaines des limitations ci-dessus peuvent ne pas s&#8217;appliquer \u00e0 vous. Les droits statutaires des utilisateurs qui traitent <strong>CRAFT SILICON LIMITED<\/strong> en tant que consommateurs ne seront pas affect\u00e9s par ces conditions d&#8217;utilisation.<\/p>\n\t\t\t\t\t\t\t\t<\/div>\n\t\t\t\t<\/div>\n\t\t\t\t\t<\/div>\n\t\t<\/div>\n\t\t\t\t\t<\/div>\n\t\t<\/section>\n\t\t\t\t<\/div>\n\t\t","protected":false},"excerpt":{"rendered":"<p>CLAUSE DE NON-RESPONSABILITE Bien que CRAFT SILICON LIMITED ait pris toutes les mesures raisonnables pour assurer l&#8217;exactitude, l&#8217;actualit\u00e9, la disponibilit\u00e9, la s\u00e9curit\u00e9, la justesse et l&#8217;exhaustivit\u00e9 des informations contenues sur ce site, les informations sont fournies en l&#8217;\u00e9tat, avec tous les d\u00e9fauts et selon la disponibilit\u00e9. Dans toute mesure permise par la loi applicable, CRAFT [&hellip;]<\/p>\n","protected":false},"author":9,"featured_media":0,"parent":0,"menu_order":0,"comment_status":"closed","ping_status":"closed","template":"","meta":{"footnotes":""},"class_list":["post-18907","page","type-page","status-publish","hentry"],"yoast_head":"<!-- This site is optimized with the Yoast SEO plugin v25.4 - https:\/\/yoast.com\/wordpress\/plugins\/seo\/ -->\n<title>CLAUSE DE NON-RESPONSABILITE - Craft Silicon<\/title>\n<meta name=\"robots\" content=\"index, follow, max-snippet:-1, max-image-preview:large, max-video-preview:-1\" \/>\n<link rel=\"canonical\" href=\"https:\/\/www.craftsilicon.net\/disclaimer\/\" \/>\n<meta property=\"og:locale\" content=\"fr_FR\" \/>\n<meta property=\"og:type\" content=\"article\" \/>\n<meta property=\"og:title\" content=\"CLAUSE DE NON-RESPONSABILITE - Craft Silicon\" \/>\n<meta property=\"og:description\" content=\"CLAUSE DE NON-RESPONSABILITE Bien que CRAFT SILICON LIMITED ait pris toutes les mesures raisonnables pour assurer l&#8217;exactitude, l&#8217;actualit\u00e9, la disponibilit\u00e9, la s\u00e9curit\u00e9, la justesse et l&#8217;exhaustivit\u00e9 des informations contenues sur ce site, les informations sont fournies en l&#8217;\u00e9tat, avec tous les d\u00e9fauts et selon la disponibilit\u00e9. Dans toute mesure permise par la loi applicable, CRAFT [&hellip;]\" \/>\n<meta property=\"og:url\" content=\"https:\/\/www.craftsilicon.net\/disclaimer\/\" \/>\n<meta property=\"og:site_name\" content=\"Craft Silicon\" \/>\n<meta property=\"article:modified_time\" content=\"2022-10-18T08:15:21+00:00\" \/>\n<meta name=\"twitter:card\" content=\"summary_large_image\" \/>\n<meta name=\"twitter:label1\" content=\"Est. reading time\" \/>\n\t<meta name=\"twitter:data1\" content=\"2 minutes\" \/>\n<script type=\"application\/ld+json\" class=\"yoast-schema-graph\">{\"@context\":\"https:\/\/schema.org\",\"@graph\":[{\"@type\":\"WebPage\",\"@id\":\"https:\/\/www.craftsilicon.net\/disclaimer\/\",\"url\":\"https:\/\/www.craftsilicon.net\/disclaimer\/\",\"name\":\"CLAUSE DE NON-RESPONSABILITE - Craft Silicon\",\"isPartOf\":{\"@id\":\"https:\/\/www.craftsilicon.net\/#website\"},\"datePublished\":\"2022-10-04T10:58:18+00:00\",\"dateModified\":\"2022-10-18T08:15:21+00:00\",\"breadcrumb\":{\"@id\":\"https:\/\/www.craftsilicon.net\/disclaimer\/#breadcrumb\"},\"inLanguage\":\"fr\",\"potentialAction\":[{\"@type\":\"ReadAction\",\"target\":[\"https:\/\/www.craftsilicon.net\/disclaimer\/\"]}]},{\"@type\":\"BreadcrumbList\",\"@id\":\"https:\/\/www.craftsilicon.net\/disclaimer\/#breadcrumb\",\"itemListElement\":[{\"@type\":\"ListItem\",\"position\":1,\"name\":\"Home\",\"item\":\"https:\/\/www.craftsilicon.net\/fr\/\"},{\"@type\":\"ListItem\",\"position\":2,\"name\":\"CLAUSE DE NON-RESPONSABILITE\"}]},{\"@type\":\"WebSite\",\"@id\":\"https:\/\/www.craftsilicon.net\/#website\",\"url\":\"https:\/\/www.craftsilicon.net\/\",\"name\":\"Craft Silicon\",\"description\":\"Thinking. Crafting. Transforming.\",\"publisher\":{\"@id\":\"https:\/\/www.craftsilicon.net\/#organization\"},\"potentialAction\":[{\"@type\":\"SearchAction\",\"target\":{\"@type\":\"EntryPoint\",\"urlTemplate\":\"https:\/\/www.craftsilicon.net\/?s={search_term_string}\"},\"query-input\":{\"@type\":\"PropertyValueSpecification\",\"valueRequired\":true,\"valueName\":\"search_term_string\"}}],\"inLanguage\":\"fr\"},{\"@type\":\"Organization\",\"@id\":\"https:\/\/www.craftsilicon.net\/#organization\",\"name\":\"Craft Silicon\",\"url\":\"https:\/\/www.craftsilicon.net\/\",\"logo\":{\"@type\":\"ImageObject\",\"inLanguage\":\"fr\",\"@id\":\"https:\/\/www.craftsilicon.net\/#\/schema\/logo\/image\/\",\"url\":\"https:\/\/www.craftsilicon.net\/wp-content\/uploads\/2021\/01\/CS_Logo_web.png\",\"contentUrl\":\"https:\/\/www.craftsilicon.net\/wp-content\/uploads\/2021\/01\/CS_Logo_web.png\",\"width\":300,\"height\":113,\"caption\":\"Craft Silicon\"},\"image\":{\"@id\":\"https:\/\/www.craftsilicon.net\/#\/schema\/logo\/image\/\"}}]}<\/script>\n<!-- \/ Yoast SEO plugin. -->","yoast_head_json":{"title":"CLAUSE DE NON-RESPONSABILITE - Craft Silicon","robots":{"index":"index","follow":"follow","max-snippet":"max-snippet:-1","max-image-preview":"max-image-preview:large","max-video-preview":"max-video-preview:-1"},"canonical":"https:\/\/www.craftsilicon.net\/disclaimer\/","og_locale":"fr_FR","og_type":"article","og_title":"CLAUSE DE NON-RESPONSABILITE - Craft Silicon","og_description":"CLAUSE DE NON-RESPONSABILITE Bien que CRAFT SILICON LIMITED ait pris toutes les mesures raisonnables pour assurer l&#8217;exactitude, l&#8217;actualit\u00e9, la disponibilit\u00e9, la s\u00e9curit\u00e9, la justesse et l&#8217;exhaustivit\u00e9 des informations contenues sur ce site, les informations sont fournies en l&#8217;\u00e9tat, avec tous les d\u00e9fauts et selon la disponibilit\u00e9. Dans toute mesure permise par la loi applicable, CRAFT [&hellip;]","og_url":"https:\/\/www.craftsilicon.net\/disclaimer\/","og_site_name":"Craft Silicon","article_modified_time":"2022-10-18T08:15:21+00:00","twitter_card":"summary_large_image","twitter_misc":{"Est. reading time":"2 minutes"},"schema":{"@context":"https:\/\/schema.org","@graph":[{"@type":"WebPage","@id":"https:\/\/www.craftsilicon.net\/disclaimer\/","url":"https:\/\/www.craftsilicon.net\/disclaimer\/","name":"CLAUSE DE NON-RESPONSABILITE - Craft Silicon","isPartOf":{"@id":"https:\/\/www.craftsilicon.net\/#website"},"datePublished":"2022-10-04T10:58:18+00:00","dateModified":"2022-10-18T08:15:21+00:00","breadcrumb":{"@id":"https:\/\/www.craftsilicon.net\/disclaimer\/#breadcrumb"},"inLanguage":"fr","potentialAction":[{"@type":"ReadAction","target":["https:\/\/www.craftsilicon.net\/disclaimer\/"]}]},{"@type":"BreadcrumbList","@id":"https:\/\/www.craftsilicon.net\/disclaimer\/#breadcrumb","itemListElement":[{"@type":"ListItem","position":1,"name":"Home","item":"https:\/\/www.craftsilicon.net\/fr\/"},{"@type":"ListItem","position":2,"name":"CLAUSE DE NON-RESPONSABILITE"}]},{"@type":"WebSite","@id":"https:\/\/www.craftsilicon.net\/#website","url":"https:\/\/www.craftsilicon.net\/","name":"Craft Silicon","description":"Thinking. Crafting. Transforming.","publisher":{"@id":"https:\/\/www.craftsilicon.net\/#organization"},"potentialAction":[{"@type":"SearchAction","target":{"@type":"EntryPoint","urlTemplate":"https:\/\/www.craftsilicon.net\/?s={search_term_string}"},"query-input":{"@type":"PropertyValueSpecification","valueRequired":true,"valueName":"search_term_string"}}],"inLanguage":"fr"},{"@type":"Organization","@id":"https:\/\/www.craftsilicon.net\/#organization","name":"Craft Silicon","url":"https:\/\/www.craftsilicon.net\/","logo":{"@type":"ImageObject","inLanguage":"fr","@id":"https:\/\/www.craftsilicon.net\/#\/schema\/logo\/image\/","url":"https:\/\/www.craftsilicon.net\/wp-content\/uploads\/2021\/01\/CS_Logo_web.png","contentUrl":"https:\/\/www.craftsilicon.net\/wp-content\/uploads\/2021\/01\/CS_Logo_web.png","width":300,"height":113,"caption":"Craft Silicon"},"image":{"@id":"https:\/\/www.craftsilicon.net\/#\/schema\/logo\/image\/"}}]}},"_links":{"self":[{"href":"https:\/\/www.craftsilicon.net\/fr\/wp-json\/wp\/v2\/pages\/18907","targetHints":{"allow":["GET"]}}],"collection":[{"href":"https:\/\/www.craftsilicon.net\/fr\/wp-json\/wp\/v2\/pages"}],"about":[{"href":"https:\/\/www.craftsilicon.net\/fr\/wp-json\/wp\/v2\/types\/page"}],"author":[{"embeddable":true,"href":"https:\/\/www.craftsilicon.net\/fr\/wp-json\/wp\/v2\/users\/9"}],"replies":[{"embeddable":true,"href":"https:\/\/www.craftsilicon.net\/fr\/wp-json\/wp\/v2\/comments?post=18907"}],"version-history":[{"count":0,"href":"https:\/\/www.craftsilicon.net\/fr\/wp-json\/wp\/v2\/pages\/18907\/revisions"}],"wp:attachment":[{"href":"https:\/\/www.craftsilicon.net\/fr\/wp-json\/wp\/v2\/media?parent=18907"}],"curies":[{"name":"wp","href":"https:\/\/api.w.org\/{rel}","templated":true}]}}